{"id":2,"date":"2018-08-14T19:23:13","date_gmt":"2018-08-14T19:23:13","guid":{"rendered":"http:\/\/vitraz-kotva.sk\/?page_id=2"},"modified":"2018-09-16T19:20:24","modified_gmt":"2018-09-16T19:20:24","slug":"sample-page","status":"publish","type":"page","link":"https:\/\/vitraz-kotva.sk\/","title":{"rendered":"Domov"},"content":{"rendered":"<h2 class=\"\">O n\u00e1s<\/h2>\n<p class=\"\">Vitajte na na\u0161ej str\u00e1nke, na ktorej V\u00e1m chceme predstavi\u0165 na\u0161e viac \u010di menej vydaren\u00e9 pokusy o vytvorenie dekorat\u00edvnych predmetov a \u0161perkov hlavne technikou Tiffany vitr\u00e1\u017ee.<\/p>\n<p>Vol\u00e1m sa Alena Kotvanov\u00e1 a so svoj\u00edm synom Mi\u0161kom sme mali odjak\u017eiva radi ak\u00e9ko\u013evek tvorenie, ale pr\u00e1ca so sklom je pre n\u00e1s u\u017e vy\u0161e sedem rokov \u010d\u00edslom jeden. Hoci sa tomuto umeleck\u00e9mu remeslu st\u00e1le venujeme iba na amat\u00e9rskej b\u00e1ze, stalo sa pre n\u00e1s doslova n\u00e1vykov\u00fdm a u\u017e si bez tohto kreat\u00edvneho dopingu nevieme na\u0161u ka\u017edodennos\u0165 ani predstavi\u0165. Usilujeme sa robi\u0165 rados\u0165 drobn\u00fdmi i v\u00e4\u010d\u0161\u00edmi v\u00fdrobkami na\u0161im pr\u00edbuzn\u00fdmi i priate\u013eom a v\u0161etk\u00fdm, ktor\u00ed o ne prejavia z\u00e1ujem. Rovnako radi roz\u0161irujeme okruh milovn\u00edkov vitr\u00e1\u017e\u00ed t\u00fdm, \u017ee v Centre vo\u013en\u00e9ho \u010dasu na Gessayovej ulici v Bratislave \u2013 Petr\u017ealke vedieme kr\u00fa\u017eok Tiffany vitr\u00e1\u017ee pre deti, ml\u00e1de\u017e i dospel\u00fdch. Okrem tejto pravidelnej aktivity sme realizovali na dobrovo\u013en\u00edckej b\u00e1ze aj nieko\u013eko tvoriv\u00fdch dieln\u00ed napr\u00edklad aj pre deti zo znev\u00fdhodnen\u00e9ho prostredia.<\/p>\n<p>\u010eakujeme, \u017ee ste na\u0161u str\u00e1nku nav\u0161t\u00edvili. D\u00fafame, \u017ee V\u00e1s prezentovan\u00e9 v\u00fdrobky zaujm\u00fa a \u017ee sa na na\u0161u str\u00e1nku budete radi vraca\u0165. Ak sa V\u00e1m nie\u010do bude p\u00e1\u010di\u0165, alebo budete ma\u0165 chu\u0165 n\u00e1m nap\u00edsa\u0165, m\u00f4\u017eete n\u00e1s v rubrike <a href=\"https:\/\/vitraz-kotva.sk\/index.php\/kontakt\/\">Kontakt<\/a>.<\/p>\n<h2 class=\"\">Najnov\u0161ie v\u00fdrobky<\/h2>\n<style id=\"bwg-style-0\">    #bwg_container1_0 #bwg_container2_0 .bwg-container-0.bwg-standard-thumbnails {      width: 1254px;              justify-content: center;        margin:0 auto !important;              background-color: rgba(255, 255, 255, 0.00);            padding-left: 4px;      padding-top: 4px;      max-width: 100%;            }        #bwg_container1_0 #bwg_container2_0 .bwg-container-0.bwg-standard-thumbnails .bwg-item {    justify-content: flex-start;      max-width: 250px;          }    #bwg_container1_0 #bwg_container2_0 .bwg-container-0.bwg-standard-thumbnails .bwg-item a {       margin-right: 4px;       margin-bottom: 4px;    }    #bwg_container1_0 #bwg_container2_0 .bwg-container-0.bwg-standard-thumbnails .bwg-item0 {      padding: 0px;            background-color:rgba(0,0,0, 0.30);      border: 0px none #CCCCCC;      opacity: 1.00;      border-radius: 0;      box-shadow: ;    }    #bwg_container1_0 #bwg_container2_0 .bwg-container-0.bwg-standard-thumbnails .bwg-item1 img {      max-height: none;      max-width: none;      padding: 0 !important;    }         @media only screen and (min-width: 480px) {\t\t#bwg_container1_0 #bwg_container2_0 .bwg-container-0.bwg-standard-thumbnails .bwg-item1 img {\t\t\t-webkit-transition: all .3s; transition: all .3s;\t\t}\t\t#bwg_container1_0 #bwg_container2_0 .bwg-container-0.bwg-standard-thumbnails .bwg-item1 img:hover {\t\t\t-ms-transform: scale(1.08);\t\t\t-webkit-transform: scale(1.08);\t\t\ttransform: scale(1.08);\t\t}\t\t      }\t    #bwg_container1_0 #bwg_container2_0 .bwg-container-0.bwg-standard-thumbnails .bwg-item1 {      padding-top: 100%;    }        #bwg_container1_0 #bwg_container2_0 .bwg-container-0.bwg-standard-thumbnails .bwg-title2,    #bwg_container1_0 #bwg_container2_0 .bwg-container-0.bwg-standard-thumbnails .bwg-ecommerce2 {      color: #323A45;      font-family: Ubuntu;      font-size: 16px;      font-weight: bold;      padding: 2px;      text-shadow: ;      max-height: 100%;    }    #bwg_container1_0 #bwg_container2_0 .bwg-container-0.bwg-standard-thumbnails .bwg-thumb-description span {    color: #323A45;    font-family: Ubuntu;    font-size: 12px;    max-height: 100%;    word-wrap: break-word;    }    #bwg_container1_0 #bwg_container2_0 .bwg-container-0.bwg-standard-thumbnails .bwg-play-icon2 {      font-size: 32px;    }    #bwg_container1_0 #bwg_container2_0 .bwg-container-0.bwg-standard-thumbnails .bwg-ecommerce2 {      font-size: 19.2px;      color: #323A45;    }    <\/style>    <div id=\"bwg_container1_0\"         class=\"bwg_container bwg_thumbnail bwg_thumbnails \"         data-right-click-protection=\"0\"         data-bwg=\"0\"         data-scroll=\"0\"         data-gallery-type=\"thumbnails\"         data-gallery-view-type=\"thumbnails\"         data-current-url=\"\/index.php\/wp-json\/wp\/v2\/pages\/2\"         data-lightbox-url=\"https:\/\/vitraz-kotva.sk\/wp-admin\/admin-ajax.php?action=GalleryBox&#038;current_view=0&#038;gallery_id=0&#038;tag=0&#038;theme_id=1&#038;shortcode_id=7&#038;sort_by=filename&#038;order_by=desc&#038;current_url=%2Findex.php%2Fwp-json%2Fwp%2Fv2%2Fpages%2F2\"         data-gallery-id=\"0\"         data-popup-width=\"800\"         data-popup-height=\"500\"         data-is-album=\"gallery\"         data-buttons-position=\"bottom\">      <div id=\"bwg_container2_0\">             <div id=\"ajax_loading_0\" class=\"bwg_loading_div_1\">      <div class=\"bwg_loading_div_2\">        <div class=\"bwg_loading_div_3\">          <div id=\"loading_div_0\" class=\"bwg_spider_ajax_loading\">          <\/div>        <\/div>      <\/div>    <\/div>            <form id=\"gal_front_form_0\"              class=\"bwg-hidden\"              method=\"post\"              action=\"#\"              data-current=\"0\"              data-shortcode-id=\"7\"              data-gallery-type=\"thumbnails\"              data-gallery-id=\"0\"              data-tag=\"0\"              data-album-id=\"0\"              data-theme-id=\"1\"              data-ajax-url=\"https:\/\/vitraz-kotva.sk\/wp-admin\/admin-ajax.php?action=bwg_frontend_data\">          <div id=\"bwg_container3_0\" class=\"bwg-background bwg-background-0\">                <div data-max-count=\"5\"         data-thumbnail-width=\"250\"         data-bwg=\"0\"         data-gallery-id=\"0\"         data-lightbox-url=\"https:\/\/vitraz-kotva.sk\/wp-admin\/admin-ajax.php?action=GalleryBox&amp;current_view=0&amp;gallery_id=0&amp;tag=0&amp;theme_id=1&amp;shortcode_id=7&amp;sort_by=filename&amp;order_by=desc&amp;current_url=%2Findex.php%2Fwp-json%2Fwp%2Fv2%2Fpages%2F2\"         id=\"bwg_thumbnails_0\"         class=\"bwg-container-0 bwg-thumbnails bwg-standard-thumbnails bwg-container bwg-border-box\">            <div class=\"bwg-item\">        <a class=\"bwg-a  bwg_lightbox\"  data-image-id=\"891\" href=\"https:\/\/vitraz-kotva.sk\/wp-content\/uploads\/photo-gallery\/02_Sperky\/0460_074.jpg?bwg=1738184529\" data-elementor-open-lightbox=\"no\">                <div class=\"bwg-item0 \">          <div class=\"bwg-item1 \">            <div class=\"bwg-item2\">              <img decoding=\"async\" class=\"skip-lazy bwg_standart_thumb_img_0 \"                   data-id=\"891\"                   data-width=\"375.00\"                   data-height=\"500.00\"                   data-src=\"https:\/\/vitraz-kotva.sk\/wp-content\/uploads\/photo-gallery\/02_Sperky\/thumb\/0460_074.jpg?bwg=1738184529\"                   src=\"https:\/\/vitraz-kotva.sk\/wp-content\/uploads\/photo-gallery\/02_Sperky\/thumb\/0460_074.jpg?bwg=1738184529\"                   alt=\"0460 074\"                   title=\"0460 074\" \/>            <\/div>            <div class=\"\">                                                      <\/div>          <\/div>        <\/div>                        <\/a>              <\/div>            <div class=\"bwg-item\">        <a class=\"bwg-a  bwg_lightbox\"  data-image-id=\"890\" href=\"https:\/\/vitraz-kotva.sk\/wp-content\/uploads\/photo-gallery\/02_Sperky\/0459_073.jpg?bwg=1738184529\" data-elementor-open-lightbox=\"no\">                <div class=\"bwg-item0 \">          <div class=\"bwg-item1 \">            <div class=\"bwg-item2\">              <img decoding=\"async\" class=\"skip-lazy bwg_standart_thumb_img_0 \"                   data-id=\"890\"                   data-width=\"375.00\"                   data-height=\"500.00\"                   data-src=\"https:\/\/vitraz-kotva.sk\/wp-content\/uploads\/photo-gallery\/02_Sperky\/thumb\/0459_073.jpg?bwg=1738184529\"                   src=\"https:\/\/vitraz-kotva.sk\/wp-content\/uploads\/photo-gallery\/02_Sperky\/thumb\/0459_073.jpg?bwg=1738184529\"                   alt=\"0459 073\"                   title=\"0459 073\" \/>            <\/div>            <div class=\"\">                                                      <\/div>          <\/div>        <\/div>                        <\/a>              <\/div>            <div class=\"bwg-item\">        <a class=\"bwg-a  bwg_lightbox\"  data-image-id=\"889\" href=\"https:\/\/vitraz-kotva.sk\/wp-content\/uploads\/photo-gallery\/02_Sperky\/0458_072.jpg?bwg=1738184529\" data-elementor-open-lightbox=\"no\">                <div class=\"bwg-item0 \">          <div class=\"bwg-item1 \">            <div class=\"bwg-item2\">              <img decoding=\"async\" class=\"skip-lazy bwg_standart_thumb_img_0 \"                   data-id=\"889\"                   data-width=\"375.00\"                   data-height=\"500.00\"                   data-src=\"https:\/\/vitraz-kotva.sk\/wp-content\/uploads\/photo-gallery\/02_Sperky\/thumb\/0458_072.jpg?bwg=1738184529\"                   src=\"https:\/\/vitraz-kotva.sk\/wp-content\/uploads\/photo-gallery\/02_Sperky\/thumb\/0458_072.jpg?bwg=1738184529\"                   alt=\"0458 072\"                   title=\"0458 072\" \/>            <\/div>            <div class=\"\">                                                      <\/div>          <\/div>        <\/div>                        <\/a>              <\/div>            <div class=\"bwg-item\">        <a class=\"bwg-a  bwg_lightbox\"  data-image-id=\"888\" href=\"https:\/\/vitraz-kotva.sk\/wp-content\/uploads\/photo-gallery\/01_Dekoracie\/05_Vianoce_a_Velka_noc\/0457_028.jpg?bwg=1738184461\" data-elementor-open-lightbox=\"no\">                <div class=\"bwg-item0 \">          <div class=\"bwg-item1 \">            <div class=\"bwg-item2\">              <img decoding=\"async\" class=\"skip-lazy bwg_standart_thumb_img_0 \"                   data-id=\"888\"                   data-width=\"342.00\"                   data-height=\"500.00\"                   data-src=\"https:\/\/vitraz-kotva.sk\/wp-content\/uploads\/photo-gallery\/01_Dekoracie\/05_Vianoce_a_Velka_noc\/thumb\/0457_028.jpg?bwg=1738184461\"                   src=\"https:\/\/vitraz-kotva.sk\/wp-content\/uploads\/photo-gallery\/01_Dekoracie\/05_Vianoce_a_Velka_noc\/thumb\/0457_028.jpg?bwg=1738184461\"                   alt=\"0457 028\"                   title=\"0457 028\" \/>            <\/div>            <div class=\"\">                                                      <\/div>          <\/div>        <\/div>                        <\/a>              <\/div>            <div class=\"bwg-item\">        <a class=\"bwg-a  bwg_lightbox\"  data-image-id=\"887\" href=\"https:\/\/vitraz-kotva.sk\/wp-content\/uploads\/photo-gallery\/01_Dekoracie\/05_Vianoce_a_Velka_noc\/0456_027.jpg?bwg=1738184461\" data-elementor-open-lightbox=\"no\">                <div class=\"bwg-item0 \">          <div class=\"bwg-item1 \">            <div class=\"bwg-item2\">              <img decoding=\"async\" class=\"skip-lazy bwg_standart_thumb_img_0 \"                   data-id=\"887\"                   data-width=\"375.00\"                   data-height=\"500.00\"                   data-src=\"https:\/\/vitraz-kotva.sk\/wp-content\/uploads\/photo-gallery\/01_Dekoracie\/05_Vianoce_a_Velka_noc\/thumb\/0456_027.jpg?bwg=1738184461\"                   src=\"https:\/\/vitraz-kotva.sk\/wp-content\/uploads\/photo-gallery\/01_Dekoracie\/05_Vianoce_a_Velka_noc\/thumb\/0456_027.jpg?bwg=1738184461\"                   alt=\"0456 027\"                   title=\"0456 027\" \/>            <\/div>            <div class=\"\">                                                      <\/div>          <\/div>        <\/div>                        <\/a>              <\/div>            <div class=\"bwg-item\">        <a class=\"bwg-a  bwg_lightbox\"  data-image-id=\"886\" href=\"https:\/\/vitraz-kotva.sk\/wp-content\/uploads\/photo-gallery\/01_Dekoracie\/05_Vianoce_a_Velka_noc\/0455_026.jpg?bwg=1738184461\" data-elementor-open-lightbox=\"no\">                <div class=\"bwg-item0 \">          <div class=\"bwg-item1 \">            <div class=\"bwg-item2\">              <img decoding=\"async\" class=\"skip-lazy bwg_standart_thumb_img_0 \"                   data-id=\"886\"                   data-width=\"375.00\"                   data-height=\"500.00\"                   data-src=\"https:\/\/vitraz-kotva.sk\/wp-content\/uploads\/photo-gallery\/01_Dekoracie\/05_Vianoce_a_Velka_noc\/thumb\/0455_026.jpg?bwg=1738184461\"                   src=\"https:\/\/vitraz-kotva.sk\/wp-content\/uploads\/photo-gallery\/01_Dekoracie\/05_Vianoce_a_Velka_noc\/thumb\/0455_026.jpg?bwg=1738184461\"                   alt=\"0455 026\"                   title=\"0455 026\" \/>            <\/div>            <div class=\"\">                                                      <\/div>          <\/div>        <\/div>                        <\/a>              <\/div>            <div class=\"bwg-item\">        <a class=\"bwg-a  bwg_lightbox\"  data-image-id=\"885\" href=\"https:\/\/vitraz-kotva.sk\/wp-content\/uploads\/photo-gallery\/01_Dekoracie\/05_Vianoce_a_Velka_noc\/0454_025.jpg?bwg=1738184461\" data-elementor-open-lightbox=\"no\">                <div class=\"bwg-item0 \">          <div class=\"bwg-item1 \">            <div class=\"bwg-item2\">              <img decoding=\"async\" class=\"skip-lazy bwg_standart_thumb_img_0 \"                   data-id=\"885\"                   data-width=\"375.00\"                   data-height=\"500.00\"                   data-src=\"https:\/\/vitraz-kotva.sk\/wp-content\/uploads\/photo-gallery\/01_Dekoracie\/05_Vianoce_a_Velka_noc\/thumb\/0454_025.jpg?bwg=1738184461\"                   src=\"https:\/\/vitraz-kotva.sk\/wp-content\/uploads\/photo-gallery\/01_Dekoracie\/05_Vianoce_a_Velka_noc\/thumb\/0454_025.jpg?bwg=1738184461\"                   alt=\"0454 025\"                   title=\"0454 025\" \/>            <\/div>            <div class=\"\">                                                      <\/div>          <\/div>        <\/div>                        <\/a>              <\/div>            <div class=\"bwg-item\">        <a class=\"bwg-a  bwg_lightbox\"  data-image-id=\"883\" href=\"https:\/\/vitraz-kotva.sk\/wp-content\/uploads\/photo-gallery\/01_Dekoracie\/01_Rozne_dekoracie\/0453_069.jpg?bwg=1731529923\" data-elementor-open-lightbox=\"no\">                <div class=\"bwg-item0 \">          <div class=\"bwg-item1 \">            <div class=\"bwg-item2\">              <img decoding=\"async\" class=\"skip-lazy bwg_standart_thumb_img_0 \"                   data-id=\"883\"                   data-width=\"375.00\"                   data-height=\"500.00\"                   data-src=\"https:\/\/vitraz-kotva.sk\/wp-content\/uploads\/photo-gallery\/01_Dekoracie\/01_Rozne_dekoracie\/thumb\/0453_069.jpg?bwg=1731529923\"                   src=\"https:\/\/vitraz-kotva.sk\/wp-content\/uploads\/photo-gallery\/01_Dekoracie\/01_Rozne_dekoracie\/thumb\/0453_069.jpg?bwg=1731529923\"                   alt=\"0453 069\"                   title=\"0453 069\" \/>            <\/div>            <div class=\"\">                                                      <\/div>          <\/div>        <\/div>                        <\/a>              <\/div>            <div class=\"bwg-item\">        <a class=\"bwg-a  bwg_lightbox\"  data-image-id=\"884\" href=\"https:\/\/vitraz-kotva.sk\/wp-content\/uploads\/photo-gallery\/04_Svietniky_a_lampy\/0452_045.jpg?bwg=1731529960\" data-elementor-open-lightbox=\"no\">                <div class=\"bwg-item0 \">          <div class=\"bwg-item1 \">            <div class=\"bwg-item2\">              <img decoding=\"async\" class=\"skip-lazy bwg_standart_thumb_img_0 \"                   data-id=\"884\"                   data-width=\"375.00\"                   data-height=\"500.00\"                   data-src=\"https:\/\/vitraz-kotva.sk\/wp-content\/uploads\/photo-gallery\/04_Svietniky_a_lampy\/thumb\/0452_045.jpg?bwg=1731529960\"                   src=\"https:\/\/vitraz-kotva.sk\/wp-content\/uploads\/photo-gallery\/04_Svietniky_a_lampy\/thumb\/0452_045.jpg?bwg=1731529960\"                   alt=\"0452 045\"                   title=\"0452 045\" \/>            <\/div>            <div class=\"\">                                                      <\/div>          <\/div>        <\/div>                        <\/a>              <\/div>            <div class=\"bwg-item\">        <a class=\"bwg-a  bwg_lightbox\"  data-image-id=\"882\" href=\"https:\/\/vitraz-kotva.sk\/wp-content\/uploads\/photo-gallery\/01_Dekoracie\/01_Rozne_dekoracie\/0451_068.jpg?bwg=1730064064\" data-elementor-open-lightbox=\"no\">                <div class=\"bwg-item0 \">          <div class=\"bwg-item1 \">            <div class=\"bwg-item2\">              <img decoding=\"async\" class=\"skip-lazy bwg_standart_thumb_img_0 \"                   data-id=\"882\"                   data-width=\"375.00\"                   data-height=\"500.00\"                   data-src=\"https:\/\/vitraz-kotva.sk\/wp-content\/uploads\/photo-gallery\/01_Dekoracie\/01_Rozne_dekoracie\/thumb\/0451_068.jpg?bwg=1730064064\"                   src=\"https:\/\/vitraz-kotva.sk\/wp-content\/uploads\/photo-gallery\/01_Dekoracie\/01_Rozne_dekoracie\/thumb\/0451_068.jpg?bwg=1730064064\"                   alt=\"0451 068\"                   title=\"0451 068\" \/>            <\/div>            <div class=\"\">                                                      <\/div>          <\/div>        <\/div>                        <\/a>              <\/div>          <\/div>              <\/div>        <\/form>        <style>          #bwg_container1_0 #bwg_container2_0 #spider_popup_overlay_0 {          background-color: #EEEEEE;          opacity: 0.60;          }          <\/style>        <div id=\"bwg_spider_popup_loading_0\" class=\"bwg_spider_popup_loading\"><\/div>        <div id=\"spider_popup_overlay_0\" class=\"spider_popup_overlay\" onclick=\"spider_destroypopup(1000)\"><\/div>        <input type=\"hidden\" id=\"bwg_random_seed_0\" value=\"777965221\">                <\/div>    <\/div>    <script>      if (document.readyState === 'complete') {        if( typeof bwg_main_ready == 'function' ) {          if ( jQuery(\"#bwg_container1_0\").height() ) {            bwg_main_ready(jQuery(\"#bwg_container1_0\"));          }        }      } else {        document.addEventListener('DOMContentLoaded', function() {          if( typeof bwg_main_ready == 'function' ) {            if ( jQuery(\"#bwg_container1_0\").height() ) {             bwg_main_ready(jQuery(\"#bwg_container1_0\"));            }          }        });      }    <\/script>    \n<p>V\u0161etky na\u0161e v\u00fdrobky n\u00e1jdete v <a href=\"https:\/\/vitraz-kotva.sk\/index.php\/galeria\/\">Gal\u00e9rii<\/a><\/p>\n","protected":false},"excerpt":{"rendered":"<p>O n\u00e1s Vitajte na na\u0161ej str\u00e1nke, na ktorej V\u00e1m chceme predstavi\u0165 na\u0161e viac \u010di menej vydaren\u00e9 pokusy o vytvorenie dekorat\u00edvnych predmetov a \u0161perkov hlavne technikou Tiffany vitr\u00e1\u017ee. Vol\u00e1m sa Alena<a href=\"https:\/\/vitraz-kotva.sk\/\" class=\"more-link\"><span class=\"more-button\">Continue reading<span class=\"screen-reader-text\">Domov<\/span><\/span><\/a><\/p>\n","protected":false},"author":1,"featured_media":0,"parent":0,"menu_order":1,"comment_status":"closed","ping_status":"open","template":"","meta":{"footnotes":""},"class_list":["post-2","page","type-page","status-publish","hentry"],"_links":{"self":[{"href":"https:\/\/vitraz-kotva.sk\/index.php\/wp-json\/wp\/v2\/pages\/2"}],"collection":[{"href":"https:\/\/vitraz-kotva.sk\/index.php\/wp-json\/wp\/v2\/pages"}],"about":[{"href":"https:\/\/vitraz-kotva.sk\/index.php\/wp-json\/wp\/v2\/types\/page"}],"author":[{"embeddable":true,"href":"https:\/\/vitraz-kotva.sk\/index.php\/wp-json\/wp\/v2\/users\/1"}],"replies":[{"embeddable":true,"href":"https:\/\/vitraz-kotva.sk\/index.php\/wp-json\/wp\/v2\/comments?post=2"}],"version-history":[{"count":8,"href":"https:\/\/vitraz-kotva.sk\/index.php\/wp-json\/wp\/v2\/pages\/2\/revisions"}],"predecessor-version":[{"id":302,"href":"https:\/\/vitraz-kotva.sk\/index.php\/wp-json\/wp\/v2\/pages\/2\/revisions\/302"}],"wp:attachment":[{"href":"https:\/\/vitraz-kotva.sk\/index.php\/wp-json\/wp\/v2\/media?parent=2"}],"curies":[{"name":"wp","href":"https:\/\/api.w.org\/{rel}","templated":true}]}}