{"id":28,"date":"2018-08-14T20:10:13","date_gmt":"2018-08-14T20:10:13","guid":{"rendered":"https:\/\/vitraz-kotva.sk\/?page_id=28"},"modified":"2018-08-14T20:25:29","modified_gmt":"2018-08-14T20:25:29","slug":"odkazy","status":"publish","type":"page","link":"https:\/\/vitraz-kotva.sk\/index.php\/odkazy\/","title":{"rendered":"Odkazy"},"content":{"rendered":"<p><strong>Centrum vo\u013en\u00e9ho \u010dasu Petr\u017ealka &#8211; Gessayova 6<\/strong><\/p>\n<p><a title=\"www.cvcgessayova.sk\" href=\"http:\/\/www.cvcgessayova.sk\" target=\"_blank\" rel=\"noopener\">www.cvcgessayova.sk<\/a><\/p>\n","protected":false},"excerpt":{"rendered":"<p>Centrum vo\u013en\u00e9ho \u010dasu Petr\u017ealka &#8211; Gessayova 6 www.cvcgessayova.sk<\/p>\n","protected":false},"author":1,"featured_media":0,"parent":0,"menu_order":3,"comment_status":"closed","ping_status":"closed","template":"","meta":{"footnotes":""},"class_list":["post-28","page","type-page","status-publish","hentry"],"_links":{"self":[{"href":"https:\/\/vitraz-kotva.sk\/index.php\/wp-json\/wp\/v2\/pages\/28"}],"collection":[{"href":"https:\/\/vitraz-kotva.sk\/index.php\/wp-json\/wp\/v2\/pages"}],"about":[{"href":"https:\/\/vitraz-kotva.sk\/index.php\/wp-json\/wp\/v2\/types\/page"}],"author":[{"embeddable":true,"href":"https:\/\/vitraz-kotva.sk\/index.php\/wp-json\/wp\/v2\/users\/1"}],"replies":[{"embeddable":true,"href":"https:\/\/vitraz-kotva.sk\/index.php\/wp-json\/wp\/v2\/comments?post=28"}],"version-history":[{"count":2,"href":"https:\/\/vitraz-kotva.sk\/index.php\/wp-json\/wp\/v2\/pages\/28\/revisions"}],"predecessor-version":[{"id":98,"href":"https:\/\/vitraz-kotva.sk\/index.php\/wp-json\/wp\/v2\/pages\/28\/revisions\/98"}],"wp:attachment":[{"href":"https:\/\/vitraz-kotva.sk\/index.php\/wp-json\/wp\/v2\/media?parent=28"}],"curies":[{"name":"wp","href":"https:\/\/api.w.org\/{rel}","templated":true}]}}